{"id":1760,"date":"2024-02-03T19:31:58","date_gmt":"2024-02-03T17:31:58","guid":{"rendered":"https:\/\/www.bocancd.com\/?post_type=product&#038;p=1760"},"modified":"2026-01-09T20:25:56","modified_gmt":"2026-01-09T18:25:56","slug":"jacket","status":"publish","type":"product","link":"https:\/\/www.bocancd.com\/en\/product\/jacket\/","title":{"rendered":"3\/4   Down Jacket"},"content":{"rendered":"<p>Exterior : 100% polyamide \/ Nylon<\/p>\n<p>Interior : 100% polyamide \/ Nylon<\/p>\n<p>Padding: 90% down, 10% feathers<\/p>\n<p>The jacket is waterproof and windproof and the lined interior retains heat without allowing the down to escape.<\/p>\n<p>Jacket weight 650 grams<\/p>\n<p>The model is 1.8m tall and wears a size S<\/p>","protected":false},"excerpt":{"rendered":"<p>Exterior : 100% polyamide \/ Nylon Interior : 100% polyamide \/ Nylon C\u0103ptu\u0219eal\u0103: 90% puf, 10% pene F\u00e2\u0219ul este impermeabil \u0219i antiv\u00e2nt iar interiorul dublat\u00a0 p\u0103streaz\u0103 c\u0103ldura f\u0103r\u0103 a permite ie\u0219irea pufului Greutate geac\u0103\u00a0 650 grame Modelul are 1,8 m \u00een\u0103l\u021bime \u0219i poart\u0103 m\u0103rimea S<\/p>","protected":false},"featured_media":1758,"template":"","meta":[],"product_brand":[],"product_cat":[52,68],"product_tag":[],"class_list":{"0":"post-1760","1":"product","2":"type-product","3":"status-publish","4":"has-post-thumbnail","6":"product_cat-women","7":"product_cat-geci-iarna","9":"first","10":"instock","11":"sale","12":"shipping-taxable","13":"purchasable","14":"product-type-variable"},"_links":{"self":[{"href":"https:\/\/www.bocancd.com\/en\/wp-json\/wp\/v2\/product\/1760","targetHints":{"allow":["GET"]}}],"collection":[{"href":"https:\/\/www.bocancd.com\/en\/wp-json\/wp\/v2\/product"}],"about":[{"href":"https:\/\/www.bocancd.com\/en\/wp-json\/wp\/v2\/types\/product"}],"wp:featuredmedia":[{"embeddable":true,"href":"https:\/\/www.bocancd.com\/en\/wp-json\/wp\/v2\/media\/1758"}],"wp:attachment":[{"href":"https:\/\/www.bocancd.com\/en\/wp-json\/wp\/v2\/media?parent=1760"}],"wp:term":[{"taxonomy":"product_brand","embeddable":true,"href":"https:\/\/www.bocancd.com\/en\/wp-json\/wp\/v2\/product_brand?post=1760"},{"taxonomy":"product_cat","embeddable":true,"href":"https:\/\/www.bocancd.com\/en\/wp-json\/wp\/v2\/product_cat?post=1760"},{"taxonomy":"product_tag","embeddable":true,"href":"https:\/\/www.bocancd.com\/en\/wp-json\/wp\/v2\/product_tag?post=1760"}],"curies":[{"name":"wp","href":"https:\/\/api.w.org\/{rel}","templated":true}]}}