{"id":2096,"date":"2024-02-09T17:34:19","date_gmt":"2024-02-09T15:34:19","guid":{"rendered":"https:\/\/www.bocancd.com\/?post_type=product&#038;p=2096"},"modified":"2025-02-25T16:30:35","modified_gmt":"2025-02-25T14:30:35","slug":"jacker-bomber-j13","status":"publish","type":"product","link":"https:\/\/www.bocancd.com\/en\/product\/jacker-bomber-j13\/","title":{"rendered":"Bomber Down Jacket"},"content":{"rendered":"<p>Exterior : 100% polyamide \/ Nylon<\/p>\n<p>Interior : 100% polyamide \/ Nylon<\/p>\n<p>Padding: 90% down, 10% feathers<\/p>\n<p>The jacket is waterproof and windproof and the lined interior retains heat without allowing the down to escape.<\/p>\n<p>Jacket weight 570 grams<\/p>\n<p>The model is 1.8m tall and wears a size S<\/p>","protected":false},"excerpt":{"rendered":"<p>Exterior : 100% polyamide \/ Nylon Interior : 100% polyamide \/ Nylon C\u0103ptu\u0219eal\u0103: 90% puf, 10% pene F\u00e2\u0219ul este impermeabil \u0219i antiv\u00e2nt iar interiorul dublat\u00a0 p\u0103streaz\u0103 c\u0103ldura f\u0103r\u0103 a permite ie\u0219irea pufului Greutate geac\u0103\u00a0 570 grame Modelul are 1,8 m \u00een\u0103l\u021bime \u0219i poart\u0103 m\u0103rimea S<\/p>","protected":false},"featured_media":2097,"template":"","meta":[],"product_brand":[],"product_cat":[52,67],"product_tag":[],"class_list":{"0":"post-2096","1":"product","2":"type-product","3":"status-publish","4":"has-post-thumbnail","6":"product_cat-women","7":"product_cat-geci-primavara-toamna","9":"first","10":"instock","11":"shipping-taxable","12":"purchasable","13":"product-type-variable"},"_links":{"self":[{"href":"https:\/\/www.bocancd.com\/en\/wp-json\/wp\/v2\/product\/2096","targetHints":{"allow":["GET"]}}],"collection":[{"href":"https:\/\/www.bocancd.com\/en\/wp-json\/wp\/v2\/product"}],"about":[{"href":"https:\/\/www.bocancd.com\/en\/wp-json\/wp\/v2\/types\/product"}],"wp:featuredmedia":[{"embeddable":true,"href":"https:\/\/www.bocancd.com\/en\/wp-json\/wp\/v2\/media\/2097"}],"wp:attachment":[{"href":"https:\/\/www.bocancd.com\/en\/wp-json\/wp\/v2\/media?parent=2096"}],"wp:term":[{"taxonomy":"product_brand","embeddable":true,"href":"https:\/\/www.bocancd.com\/en\/wp-json\/wp\/v2\/product_brand?post=2096"},{"taxonomy":"product_cat","embeddable":true,"href":"https:\/\/www.bocancd.com\/en\/wp-json\/wp\/v2\/product_cat?post=2096"},{"taxonomy":"product_tag","embeddable":true,"href":"https:\/\/www.bocancd.com\/en\/wp-json\/wp\/v2\/product_tag?post=2096"}],"curies":[{"name":"wp","href":"https:\/\/api.w.org\/{rel}","templated":true}]}}