{"id":2184,"date":"2024-02-09T18:26:46","date_gmt":"2024-02-09T16:26:46","guid":{"rendered":"https:\/\/www.bocancd.com\/?post_type=product&#038;p=2184"},"modified":"2026-01-09T20:14:35","modified_gmt":"2026-01-09T18:14:35","slug":"jacket-navy-blue-j10","status":"publish","type":"product","link":"https:\/\/www.bocancd.com\/ro\/produs\/jacket-navy-blue-j10\/","title":{"rendered":"Geaca medie cu puf"},"content":{"rendered":"<p>Exterior : 100% polyamide \/ Nylon<\/p>\n<p>Interior : 100% polyamide \/ Nylon<\/p>\n<p>C\u0103ptu\u0219eal\u0103: 90% puf, 10% pene<\/p>\n<p>F\u00e2\u0219ul este impermeabil \u0219i antiv\u00e2nt iar interiorul dublat\u00a0 p\u0103streaz\u0103 c\u0103ldura f\u0103r\u0103 a permite ie\u0219irea pufului<\/p>\n<p>Greutate geac\u0103\u00a0 800 grame<\/p>\n<p>Modelul are 1,8 m \u00een\u0103l\u021bime \u0219i poart\u0103 m\u0103rimea S<\/p>\n","protected":false},"excerpt":{"rendered":"<p>Exterior : 100% polyamide \/ Nylon Interior : 100% polyamide \/ Nylon C\u0103ptu\u0219eal\u0103: 90% puf, 10% pene F\u00e2\u0219ul este impermeabil \u0219i antiv\u00e2nt iar interiorul dublat\u00a0 p\u0103streaz\u0103 c\u0103ldura f\u0103r\u0103 a permite ie\u0219irea pufului Greutate geac\u0103\u00a0 800 grame Modelul are 1,8 m \u00een\u0103l\u021bime \u0219i poart\u0103 m\u0103rimea S<\/p>\n","protected":false},"featured_media":3324,"template":"","meta":[],"product_brand":[],"product_cat":[51,70],"product_tag":[],"class_list":{"0":"post-2184","1":"product","2":"type-product","3":"status-publish","4":"has-post-thumbnail","6":"product_cat-men","7":"product_cat-geci-iarna-men","9":"first","10":"instock","11":"sale","12":"shipping-taxable","13":"purchasable","14":"product-type-variable"},"_links":{"self":[{"href":"https:\/\/www.bocancd.com\/ro\/wp-json\/wp\/v2\/product\/2184","targetHints":{"allow":["GET"]}}],"collection":[{"href":"https:\/\/www.bocancd.com\/ro\/wp-json\/wp\/v2\/product"}],"about":[{"href":"https:\/\/www.bocancd.com\/ro\/wp-json\/wp\/v2\/types\/product"}],"wp:featuredmedia":[{"embeddable":true,"href":"https:\/\/www.bocancd.com\/ro\/wp-json\/wp\/v2\/media\/3324"}],"wp:attachment":[{"href":"https:\/\/www.bocancd.com\/ro\/wp-json\/wp\/v2\/media?parent=2184"}],"wp:term":[{"taxonomy":"product_brand","embeddable":true,"href":"https:\/\/www.bocancd.com\/ro\/wp-json\/wp\/v2\/product_brand?post=2184"},{"taxonomy":"product_cat","embeddable":true,"href":"https:\/\/www.bocancd.com\/ro\/wp-json\/wp\/v2\/product_cat?post=2184"},{"taxonomy":"product_tag","embeddable":true,"href":"https:\/\/www.bocancd.com\/ro\/wp-json\/wp\/v2\/product_tag?post=2184"}],"curies":[{"name":"wp","href":"https:\/\/api.w.org\/{rel}","templated":true}]}}